{"id":137,"date":"2015-09-18T02:29:08","date_gmt":"2015-09-18T02:29:08","guid":{"rendered":"http:\/\/demo.wpthemego.com\/themes\/sw_stationery\/?product=product-name-12"},"modified":"2020-06-24T20:10:04","modified_gmt":"2020-06-24T20:10:04","slug":"3m-scotch-weld-epoxy-adhesive-dp100-plus","status":"publish","type":"product","link":"https:\/\/wp.xtragroup.ro\/index.php\/product\/3m-scotch-weld-epoxy-adhesive-dp100-plus\/","title":{"rendered":"3M Scotch-Weld Epoxy Adhesive DP100 Plus"},"content":{"rendered":"<p>3M &#x2122; Scotch-Weld &#x2122; DP100 Plus Clear este un adeziv epoxidic bicomponent rapid Adeziv epoxidic DP100 Plus Clear este transparent \u0219i u\u0219or flexibil atunci c\u00e2nd este uscat.<\/p>\n<p>&nbsp;<\/p>\n<p>Caracteristici:<\/p>\n<p>&#8211; Adeziv flexibil, asigur\u0103 o leg\u0103tur\u0103 puternic\u0103, permanent\u0103 chiar \u0219i sub vibra\u021bii \u0219i impact<\/p>\n<p>&#8211; Durat\u0103 de lucru rapid\u0103 de 4 minute cu posibilitate de manuire \u00een 20 de minute la temperatura camerei<\/p>\n<p>&#8211; Flexibil la \u00eent\u0103rire, ceea ce \u00eel face o alegere bun\u0103 pentru lipirea suprafe\u021belor diferite<\/p>\n<p>Mod de utilizare: amestecati cele doua componente timp de 15 secunde pana cand obtineti o culoare uniforma.<\/p>\n<p>Excesul se indeparteaza rapid cu ajutorul solventilor precum acetona sau solventi pe baza de alcool.<\/p>\n","protected":false},"excerpt":{"rendered":"<p>3M &#x2122; Scotch-Weld &#x2122; DP100 Plus Clear este un adeziv epoxidic bicomponent rapid Adeziv epoxidic DP100 Plus Clear este transparent \u0219i u\u0219or flexibil atunci c\u00e2nd este uscat.<\/p>\n<p>Caracteristici:<\/p>\n<p>&#8211; Adeziv flexibil, asigur\u0103 o leg\u0103tur\u0103 puternic\u0103, permanent\u0103 chiar \u0219i sub vibra\u021bii \u0219i impact<\/p>\n<p>&#8211; Durat\u0103 de lucru rapid\u0103 de 4 minute cu posibilitate de manuire \u00een 20 de minute la temperatura camerei<\/p>\n<p>&#8211; Flexibil la \u00eent\u0103rire, ceea ce \u00eel face o alegere bun\u0103 pentru lipirea suprafe\u021belor diferite<\/p>\n<p>Mod de utilizare: amestecati cele doua componente timp de 15 secunde pana cand obtineti o culoare uniforma.<\/p>\n<p>Excesul se indeparteaza rapid cu ajutorul solventilor precum acetona sau solventi pe baza de alcool.<\/p>\n","protected":false},"featured_media":4485,"template":"","meta":[],"product_cat":[88],"product_tag":[],"yoast_head":"<!-- This site is optimized with the Yoast SEO plugin v17.4 - https:\/\/yoast.com\/wordpress\/plugins\/seo\/ -->\n<title>3M Scotch-Weld Epoxy Adhesive DP100 Plus - Xtragroup<\/title>\n<meta name=\"robots\" content=\"noindex, follow, max-snippet:-1, max-image-preview:large, max-video-preview:-1\" \/>\n<meta property=\"og:locale\" content=\"ro_RO\" \/>\n<meta property=\"og:type\" content=\"article\" \/>\n<meta property=\"og:title\" content=\"3M Scotch-Weld Epoxy Adhesive DP100 Plus - Xtragroup\" \/>\n<meta property=\"og:description\" content=\"3M &#x2122; Scotch-Weld &#x2122; DP100 Plus Clear este un adeziv epoxidic bicomponent rapid Adeziv epoxidic DP100 Plus Clear este transparent \u0219i u\u0219or flexibil atunci c\u00e2nd este uscat.  Caracteristici:  - Adeziv flexibil, asigur\u0103 o leg\u0103tur\u0103 puternic\u0103, permanent\u0103 chiar \u0219i sub vibra\u021bii \u0219i impact  - Durat\u0103 de lucru rapid\u0103 de 4 minute cu posibilitate de manuire \u00een 20 de minute la temperatura camerei  - Flexibil la \u00eent\u0103rire, ceea ce \u00eel face o alegere bun\u0103 pentru lipirea suprafe\u021belor diferite  Mod de utilizare: amestecati cele doua componente timp de 15 secunde pana cand obtineti o culoare uniforma.  Excesul se indeparteaza rapid cu ajutorul solventilor precum acetona sau solventi pe baza de alcool.\" \/>\n<meta property=\"og:url\" content=\"https:\/\/wp.xtragroup.ro\/index.php\/product\/3m-scotch-weld-epoxy-adhesive-dp100-plus\/\" \/>\n<meta property=\"og:site_name\" content=\"Xtragroup\" \/>\n<meta property=\"article:modified_time\" content=\"2020-06-24T20:10:04+00:00\" \/>\n<meta property=\"og:image\" content=\"https:\/\/wp.xtragroup.ro\/wp-content\/uploads\/2015\/09\/DP100.jpg\" \/>\n\t<meta property=\"og:image:width\" content=\"225\" \/>\n\t<meta property=\"og:image:height\" content=\"225\" \/>\n<meta name=\"twitter:card\" content=\"summary_large_image\" \/>\n<meta name=\"twitter:label1\" content=\"Timp estimat pentru citire\" \/>\n\t<meta name=\"twitter:data1\" content=\"1 minut\" \/>\n<script type=\"application\/ld+json\" class=\"yoast-schema-graph\">{\"@context\":\"https:\/\/schema.org\",\"@graph\":[{\"@type\":\"WebSite\",\"@id\":\"https:\/\/wp.xtragroup.ro\/#website\",\"url\":\"https:\/\/wp.xtragroup.ro\/\",\"name\":\"Xtragroup\",\"description\":\"Xtra pentru tine\",\"potentialAction\":[{\"@type\":\"SearchAction\",\"target\":{\"@type\":\"EntryPoint\",\"urlTemplate\":\"https:\/\/wp.xtragroup.ro\/?s={search_term_string}\"},\"query-input\":\"required name=search_term_string\"}],\"inLanguage\":\"ro-RO\"},{\"@type\":\"ImageObject\",\"@id\":\"https:\/\/wp.xtragroup.ro\/index.php\/product\/3m-scotch-weld-epoxy-adhesive-dp100-plus\/#primaryimage\",\"inLanguage\":\"ro-RO\",\"url\":\"https:\/\/wp.xtragroup.ro\/wp-content\/uploads\/2015\/09\/DP100.jpg\",\"contentUrl\":\"https:\/\/wp.xtragroup.ro\/wp-content\/uploads\/2015\/09\/DP100.jpg\",\"width\":225,\"height\":225},{\"@type\":\"WebPage\",\"@id\":\"https:\/\/wp.xtragroup.ro\/index.php\/product\/3m-scotch-weld-epoxy-adhesive-dp100-plus\/#webpage\",\"url\":\"https:\/\/wp.xtragroup.ro\/index.php\/product\/3m-scotch-weld-epoxy-adhesive-dp100-plus\/\",\"name\":\"3M Scotch-Weld Epoxy Adhesive DP100 Plus - Xtragroup\",\"isPartOf\":{\"@id\":\"https:\/\/wp.xtragroup.ro\/#website\"},\"primaryImageOfPage\":{\"@id\":\"https:\/\/wp.xtragroup.ro\/index.php\/product\/3m-scotch-weld-epoxy-adhesive-dp100-plus\/#primaryimage\"},\"datePublished\":\"2015-09-18T02:29:08+00:00\",\"dateModified\":\"2020-06-24T20:10:04+00:00\",\"breadcrumb\":{\"@id\":\"https:\/\/wp.xtragroup.ro\/index.php\/product\/3m-scotch-weld-epoxy-adhesive-dp100-plus\/#breadcrumb\"},\"inLanguage\":\"ro-RO\",\"potentialAction\":[{\"@type\":\"ReadAction\",\"target\":[\"https:\/\/wp.xtragroup.ro\/index.php\/product\/3m-scotch-weld-epoxy-adhesive-dp100-plus\/\"]}]},{\"@type\":\"BreadcrumbList\",\"@id\":\"https:\/\/wp.xtragroup.ro\/index.php\/product\/3m-scotch-weld-epoxy-adhesive-dp100-plus\/#breadcrumb\",\"itemListElement\":[{\"@type\":\"ListItem\",\"position\":1,\"name\":\"Home\",\"item\":\"https:\/\/wp.xtragroup.ro\/\"},{\"@type\":\"ListItem\",\"position\":2,\"name\":\"Produse\",\"item\":\"https:\/\/wp.xtragroup.ro\/index.php\/shop\/\"},{\"@type\":\"ListItem\",\"position\":3,\"name\":\"3M Scotch-Weld Epoxy Adhesive DP100 Plus\"}]}]}<\/script>\n<!-- \/ Yoast SEO plugin. -->","yoast_head_json":{"title":"3M Scotch-Weld Epoxy Adhesive DP100 Plus - Xtragroup","robots":{"index":"noindex","follow":"follow","max-snippet":"max-snippet:-1","max-image-preview":"max-image-preview:large","max-video-preview":"max-video-preview:-1"},"og_locale":"ro_RO","og_type":"article","og_title":"3M Scotch-Weld Epoxy Adhesive DP100 Plus - Xtragroup","og_description":"3M &#x2122; Scotch-Weld &#x2122; DP100 Plus Clear este un adeziv epoxidic bicomponent rapid Adeziv epoxidic DP100 Plus Clear este transparent \u0219i u\u0219or flexibil atunci c\u00e2nd este uscat.  Caracteristici:  - Adeziv flexibil, asigur\u0103 o leg\u0103tur\u0103 puternic\u0103, permanent\u0103 chiar \u0219i sub vibra\u021bii \u0219i impact  - Durat\u0103 de lucru rapid\u0103 de 4 minute cu posibilitate de manuire \u00een 20 de minute la temperatura camerei  - Flexibil la \u00eent\u0103rire, ceea ce \u00eel face o alegere bun\u0103 pentru lipirea suprafe\u021belor diferite  Mod de utilizare: amestecati cele doua componente timp de 15 secunde pana cand obtineti o culoare uniforma.  Excesul se indeparteaza rapid cu ajutorul solventilor precum acetona sau solventi pe baza de alcool.","og_url":"https:\/\/wp.xtragroup.ro\/index.php\/product\/3m-scotch-weld-epoxy-adhesive-dp100-plus\/","og_site_name":"Xtragroup","article_modified_time":"2020-06-24T20:10:04+00:00","og_image":[{"width":225,"height":225,"url":"https:\/\/wp.xtragroup.ro\/wp-content\/uploads\/2015\/09\/DP100.jpg","type":"image\/jpeg"}],"twitter_card":"summary_large_image","twitter_misc":{"Timp estimat pentru citire":"1 minut"},"schema":{"@context":"https:\/\/schema.org","@graph":[{"@type":"WebSite","@id":"https:\/\/wp.xtragroup.ro\/#website","url":"https:\/\/wp.xtragroup.ro\/","name":"Xtragroup","description":"Xtra pentru tine","potentialAction":[{"@type":"SearchAction","target":{"@type":"EntryPoint","urlTemplate":"https:\/\/wp.xtragroup.ro\/?s={search_term_string}"},"query-input":"required name=search_term_string"}],"inLanguage":"ro-RO"},{"@type":"ImageObject","@id":"https:\/\/wp.xtragroup.ro\/index.php\/product\/3m-scotch-weld-epoxy-adhesive-dp100-plus\/#primaryimage","inLanguage":"ro-RO","url":"https:\/\/wp.xtragroup.ro\/wp-content\/uploads\/2015\/09\/DP100.jpg","contentUrl":"https:\/\/wp.xtragroup.ro\/wp-content\/uploads\/2015\/09\/DP100.jpg","width":225,"height":225},{"@type":"WebPage","@id":"https:\/\/wp.xtragroup.ro\/index.php\/product\/3m-scotch-weld-epoxy-adhesive-dp100-plus\/#webpage","url":"https:\/\/wp.xtragroup.ro\/index.php\/product\/3m-scotch-weld-epoxy-adhesive-dp100-plus\/","name":"3M Scotch-Weld Epoxy Adhesive DP100 Plus - Xtragroup","isPartOf":{"@id":"https:\/\/wp.xtragroup.ro\/#website"},"primaryImageOfPage":{"@id":"https:\/\/wp.xtragroup.ro\/index.php\/product\/3m-scotch-weld-epoxy-adhesive-dp100-plus\/#primaryimage"},"datePublished":"2015-09-18T02:29:08+00:00","dateModified":"2020-06-24T20:10:04+00:00","breadcrumb":{"@id":"https:\/\/wp.xtragroup.ro\/index.php\/product\/3m-scotch-weld-epoxy-adhesive-dp100-plus\/#breadcrumb"},"inLanguage":"ro-RO","potentialAction":[{"@type":"ReadAction","target":["https:\/\/wp.xtragroup.ro\/index.php\/product\/3m-scotch-weld-epoxy-adhesive-dp100-plus\/"]}]},{"@type":"BreadcrumbList","@id":"https:\/\/wp.xtragroup.ro\/index.php\/product\/3m-scotch-weld-epoxy-adhesive-dp100-plus\/#breadcrumb","itemListElement":[{"@type":"ListItem","position":1,"name":"Home","item":"https:\/\/wp.xtragroup.ro\/"},{"@type":"ListItem","position":2,"name":"Produse","item":"https:\/\/wp.xtragroup.ro\/index.php\/shop\/"},{"@type":"ListItem","position":3,"name":"3M Scotch-Weld Epoxy Adhesive DP100 Plus"}]}]}},"_links":{"self":[{"href":"https:\/\/wp.xtragroup.ro\/index.php\/wp-json\/wp\/v2\/product\/137"}],"collection":[{"href":"https:\/\/wp.xtragroup.ro\/index.php\/wp-json\/wp\/v2\/product"}],"about":[{"href":"https:\/\/wp.xtragroup.ro\/index.php\/wp-json\/wp\/v2\/types\/product"}],"wp:featuredmedia":[{"embeddable":true,"href":"https:\/\/wp.xtragroup.ro\/index.php\/wp-json\/wp\/v2\/media\/4485"}],"wp:attachment":[{"href":"https:\/\/wp.xtragroup.ro\/index.php\/wp-json\/wp\/v2\/media?parent=137"}],"wp:term":[{"taxonomy":"product_cat","embeddable":true,"href":"https:\/\/wp.xtragroup.ro\/index.php\/wp-json\/wp\/v2\/product_cat?post=137"},{"taxonomy":"product_tag","embeddable":true,"href":"https:\/\/wp.xtragroup.ro\/index.php\/wp-json\/wp\/v2\/product_tag?post=137"}],"curies":[{"name":"wp","href":"https:\/\/api.w.org\/{rel}","templated":true}]}}